{"id":185,"date":"2020-08-16T19:10:22","date_gmt":"2020-08-16T22:10:22","guid":{"rendered":"http:\/\/soslitoral.com.br\/site\/?page_id=185"},"modified":"2020-08-24T19:05:57","modified_gmt":"2020-08-24T22:05:57","slug":"caminhao-pipa","status":"publish","type":"page","link":"http:\/\/soslitoral.com.br\/site\/produtos-e-servicos\/caminhao-pipa\/","title":{"rendered":"Caminh\u00f5es Pipa"},"content":{"rendered":"\n<p> A&nbsp;Litoral possui tr\u00eas fontes, localizadas em pontos estrat\u00e9gicos da cidade de Santoso, para atender com o m\u00e1ximo de efici\u00eancia, rapidez e confiabilidade, suas necessidades, com uma ampla frota de&nbsp;<strong>caminh\u00f5es pipa<\/strong>, estamos aptos a atender ind\u00fastrias, com\u00e9rcios, resid\u00eancias, construtoras, clubes, escolas etc&#8230; <\/p>\n\n\n\n<a href=\"http:\/\/soslitoral.com.br\/site\/produtos-e-servicos\/\" class=\"button minimal\">Retornar \u00e0 p\u00e1gina anterior<\/a>\n","protected":false},"excerpt":{"rendered":"<p>A&nbsp;Litoral possui tr\u00eas fontes, localizadas em pontos estrat\u00e9gicos da cidade de Santoso, para atender com o m\u00e1ximo de efici\u00eancia, rapidez e confiabilidade, suas necessidades, com uma ampla frota de&nbsp;caminh\u00f5es pipa, estamos aptos a atender ind\u00fastrias, com\u00e9rcios, resid\u00eancias, construtoras, clubes, escolas etc&#8230; Retornar \u00e0 p\u00e1gina anterior<\/p>\n","protected":false},"author":1,"featured_media":230,"parent":169,"menu_order":0,"comment_status":"closed","ping_status":"closed","template":"full-width-page.php","meta":[],"_links":{"self":[{"href":"http:\/\/soslitoral.com.br\/site\/wp-json\/wp\/v2\/pages\/185"}],"collection":[{"href":"http:\/\/soslitoral.com.br\/site\/wp-json\/wp\/v2\/pages"}],"about":[{"href":"http:\/\/soslitoral.com.br\/site\/wp-json\/wp\/v2\/types\/page"}],"author":[{"embeddable":true,"href":"http:\/\/soslitoral.com.br\/site\/wp-json\/wp\/v2\/users\/1"}],"replies":[{"embeddable":true,"href":"http:\/\/soslitoral.com.br\/site\/wp-json\/wp\/v2\/comments?post=185"}],"version-history":[{"count":3,"href":"http:\/\/soslitoral.com.br\/site\/wp-json\/wp\/v2\/pages\/185\/revisions"}],"predecessor-version":[{"id":231,"href":"http:\/\/soslitoral.com.br\/site\/wp-json\/wp\/v2\/pages\/185\/revisions\/231"}],"up":[{"embeddable":true,"href":"http:\/\/soslitoral.com.br\/site\/wp-json\/wp\/v2\/pages\/169"}],"wp:featuredmedia":[{"embeddable":true,"href":"http:\/\/soslitoral.com.br\/site\/wp-json\/wp\/v2\/media\/230"}],"wp:attachment":[{"href":"http:\/\/soslitoral.com.br\/site\/wp-json\/wp\/v2\/media?parent=185"}],"curies":[{"name":"wp","href":"https:\/\/api.w.org\/{rel}","templated":true}]}}