{"id":179,"date":"2020-08-16T19:07:14","date_gmt":"2020-08-16T22:07:14","guid":{"rendered":"http:\/\/soslitoral.com.br\/site\/?page_id=179"},"modified":"2020-08-16T19:07:14","modified_gmt":"2020-08-16T22:07:14","slug":"limpeza-de-caixas-dagua","status":"publish","type":"page","link":"http:\/\/soslitoral.com.br\/site\/produtos-e-servicos\/limpeza-de-caixas-dagua\/","title":{"rendered":"Limpeza de Caixas D&#8217;\u00e1gua"},"content":{"rendered":"\n<p><strong>A limpeza de caixa d\u2019 \u00e1gua deve ser feita a cada 6 meses pelos seguintes processos:<\/strong><\/p>\n\n\n\n<p>1 &#8211; Esgotamento<br>2 &#8211; Remo\u00e7\u00e3o de res\u00edduos<br>3 &#8211; Escova\u00e7\u00e3o<br>4 &#8211;\u00a0<a href=\"http:\/\/soslitoral.com.br\/site\/produtos-e-servicos\/hidrojateamento\/\">Hidrojateamento<\/a>\u00a0*<br>5- Desinfec\u00e7\u00e3o com produtos \u00e0 base de Hipoclorito de S\u00f3dio<\/p>\n\n\n\n<p>(*) No caso do <em>hidrojateamento<\/em>, ter\u00e1 que ser observado se a caixa comporta a press\u00e3o do jato de \u00e1gua,, se a caixa for muito antiga a press\u00e3o poder\u00e1 provocar danos (rachaduras). <\/p>\n\n\n\n<table class=\"wp-block-table\"><tbody><tr><td><strong>Aproveite e fa\u00e7a a impermeabiliza\u00e7\u00e3o conosco!<\/strong><\/td><\/tr><\/tbody><\/table>\n\n\n\n<p><strong>Etapas da Limpeza:<br><br><\/strong>1- Esgotamento da Caixa \/ Reservat\u00f3rio;<br>2- Lavagem das paredes internas;<br>3- Enxaguar;<br>4- Esgotamento dos res\u00edduos provenientes da limpeza;<br>5- Aspers\u00e3o de hipoclorito de s\u00f3dio;<br>6- Reabastecimento da Caixa \/ Reservat\u00f3rio;<br>7- Laudo bacteriol\u00f3gico.<\/p>\n\n\n\n<a href=\"http:\/\/soslitoral.com.br\/site\/produtos-e-servicos\/\" class=\"button minimal\">Retornar \u00e0 p\u00e1gina anterior<\/a>\n","protected":false},"excerpt":{"rendered":"<p>A limpeza de caixa d\u2019 \u00e1gua deve ser feita a cada 6 meses pelos seguintes processos: 1 &#8211; Esgotamento2 &#8211; Remo\u00e7\u00e3o de res\u00edduos3 &#8211; Escova\u00e7\u00e3o4 &#8211;\u00a0Hidrojateamento\u00a0*5- Desinfec\u00e7\u00e3o com produtos \u00e0 base de Hipoclorito de S\u00f3dio (*) No caso do hidrojateamento, ter\u00e1 que ser observado se a caixa comporta a press\u00e3o do jato de \u00e1gua,, se &hellip; <a href=\"http:\/\/soslitoral.com.br\/site\/produtos-e-servicos\/limpeza-de-caixas-dagua\/\" class=\"more-link\">Continue lendo <span class=\"screen-reader-text\">Limpeza de Caixas D&#8217;\u00e1gua<\/span><\/a><\/p>\n","protected":false},"author":1,"featured_media":80,"parent":169,"menu_order":0,"comment_status":"closed","ping_status":"closed","template":"full-width-page.php","meta":[],"_links":{"self":[{"href":"http:\/\/soslitoral.com.br\/site\/wp-json\/wp\/v2\/pages\/179"}],"collection":[{"href":"http:\/\/soslitoral.com.br\/site\/wp-json\/wp\/v2\/pages"}],"about":[{"href":"http:\/\/soslitoral.com.br\/site\/wp-json\/wp\/v2\/types\/page"}],"author":[{"embeddable":true,"href":"http:\/\/soslitoral.com.br\/site\/wp-json\/wp\/v2\/users\/1"}],"replies":[{"embeddable":true,"href":"http:\/\/soslitoral.com.br\/site\/wp-json\/wp\/v2\/comments?post=179"}],"version-history":[{"count":1,"href":"http:\/\/soslitoral.com.br\/site\/wp-json\/wp\/v2\/pages\/179\/revisions"}],"predecessor-version":[{"id":180,"href":"http:\/\/soslitoral.com.br\/site\/wp-json\/wp\/v2\/pages\/179\/revisions\/180"}],"up":[{"embeddable":true,"href":"http:\/\/soslitoral.com.br\/site\/wp-json\/wp\/v2\/pages\/169"}],"wp:featuredmedia":[{"embeddable":true,"href":"http:\/\/soslitoral.com.br\/site\/wp-json\/wp\/v2\/media\/80"}],"wp:attachment":[{"href":"http:\/\/soslitoral.com.br\/site\/wp-json\/wp\/v2\/media?parent=179"}],"curies":[{"name":"wp","href":"https:\/\/api.w.org\/{rel}","templated":true}]}}