{"id":169,"date":"2020-08-16T18:55:57","date_gmt":"2020-08-16T21:55:57","guid":{"rendered":"http:\/\/soslitoral.com.br\/site\/?page_id=169"},"modified":"2020-08-16T19:35:40","modified_gmt":"2020-08-16T22:35:40","slug":"produtos-e-servicos","status":"publish","type":"page","link":"http:\/\/soslitoral.com.br\/site\/produtos-e-servicos\/","title":{"rendered":"Produtos e Servi\u00e7os"},"content":{"rendered":"\n<p>Nossa prioridade \u00e9 sempre oferecer uma presta\u00e7\u00e3o de servi\u00e7o eficiente que possa superar as expectativas de nossos clientes, durante e ap\u00f3s a realiza\u00e7\u00e3o do nosso trabalho.<\/p>\n\n\n\n<p>N\u00f3s buscamos sempre a melhoria cont\u00ednua de todas as nossas atividades e em cada processo, o que tamb\u00e9m inclui a preocupa\u00e7\u00e3o da constante capacita\u00e7\u00e3o dos nossos funcion\u00e1rios, tanto quanto dos equipamentos.<\/p>\n\n\n\n<p>Nossa atua\u00e7\u00e3o se converge no oferecimento de solu\u00e7\u00f5es direcionadas \u00e0s necessidades de cada um dos nossos clientes, atuando sempre em sintonia com todas as partes envolvidas, assim oferencendo qualidade e um atendimento de alto n\u00edvel, nos requisitos cab\u00edveis.<\/p>\n\n\n\n<div id=\"metaslider-id-89\" style=\"width: 100%; margin: 0 auto;\" class=\"ml-slider-3-20-3 metaslider metaslider-flex metaslider-89 ml-slider noshadownforslidethumbnail ms-theme-precognition has-dots-nav\">\n    <div id=\"metaslider_container_89\">\n        <div id=\"metaslider_89\">\n            <ul aria-live=\"polite\" class=\"slides\">\n                <li style=\"display: block; width: 100%;\" class=\"slide-90 ms-image\"><a href=\"http:\/\/soslitoral.com.br\/site\/produtos-e-servicos\/banheiros-quimicos\/\" target=\"_self\"><img width=\"900\" height=\"460\" src=\"http:\/\/soslitoral.com.br\/site\/wp-content\/uploads\/2020\/08\/thumb-banheiro-quimico-litoral.jpg\" class=\"slider-89 slide-90\" alt=\"\" loading=\"lazy\" rel=\"\" title=\"Banheiros Qu\u00edmicos\" srcset=\"http:\/\/soslitoral.com.br\/site\/wp-content\/uploads\/2020\/08\/thumb-banheiro-quimico-litoral.jpg 900w, http:\/\/soslitoral.com.br\/site\/wp-content\/uploads\/2020\/08\/thumb-banheiro-quimico-litoral-300x153.jpg 300w, http:\/\/soslitoral.com.br\/site\/wp-content\/uploads\/2020\/08\/thumb-banheiro-quimico-litoral-768x393.jpg 768w\" sizes=\"(max-width: 900px) 100vw, 900px\" \/><\/a><\/li>\n                <li style=\"display: none; width: 100%;\" class=\"slide-91 ms-image\"><a href=\"http:\/\/soslitoral.com.br\/site\/produtos-e-servicos\/hidrojateamento\/\" target=\"_self\"><img width=\"900\" height=\"460\" src=\"http:\/\/soslitoral.com.br\/site\/wp-content\/uploads\/2020\/08\/thumb-hidrojateamento-litoral.jpg\" class=\"slider-89 slide-91\" alt=\"\" loading=\"lazy\" rel=\"\" title=\"Hidrojateamento\" srcset=\"http:\/\/soslitoral.com.br\/site\/wp-content\/uploads\/2020\/08\/thumb-hidrojateamento-litoral.jpg 900w, http:\/\/soslitoral.com.br\/site\/wp-content\/uploads\/2020\/08\/thumb-hidrojateamento-litoral-300x153.jpg 300w, http:\/\/soslitoral.com.br\/site\/wp-content\/uploads\/2020\/08\/thumb-hidrojateamento-litoral-768x393.jpg 768w\" sizes=\"(max-width: 900px) 100vw, 900px\" \/><\/a><\/li>\n                <li style=\"display: none; width: 100%;\" class=\"slide-92 ms-image\"><a href=\"http:\/\/soslitoral.com.br\/site\/produtos-e-servicos\/caminhoes-auto-vacuo\/\" target=\"_self\"><img width=\"900\" height=\"460\" src=\"http:\/\/soslitoral.com.br\/site\/wp-content\/uploads\/2020\/08\/thumb-caminhoes-auto-vaco-litoral.jpg\" class=\"slider-89 slide-92\" alt=\"\" loading=\"lazy\" rel=\"\" title=\"Caminh\u00f5es Auto V\u00e1cuo\" srcset=\"http:\/\/soslitoral.com.br\/site\/wp-content\/uploads\/2020\/08\/thumb-caminhoes-auto-vaco-litoral.jpg 900w, http:\/\/soslitoral.com.br\/site\/wp-content\/uploads\/2020\/08\/thumb-caminhoes-auto-vaco-litoral-300x153.jpg 300w, http:\/\/soslitoral.com.br\/site\/wp-content\/uploads\/2020\/08\/thumb-caminhoes-auto-vaco-litoral-768x393.jpg 768w\" sizes=\"(max-width: 900px) 100vw, 900px\" \/><\/a><\/li>\n                <li style=\"display: none; width: 100%;\" class=\"slide-94 ms-image\"><a href=\"http:\/\/soslitoral.com.br\/site\/produtos-e-servicos\/caminhao-pipa\/\" target=\"_self\"><img width=\"900\" height=\"460\" src=\"http:\/\/soslitoral.com.br\/site\/wp-content\/uploads\/2020\/08\/thumb-caminhao-pipa-litoral.jpg\" class=\"slider-89 slide-94\" alt=\"\" loading=\"lazy\" rel=\"\" title=\"Caminh\u00e3o Pipa\" srcset=\"http:\/\/soslitoral.com.br\/site\/wp-content\/uploads\/2020\/08\/thumb-caminhao-pipa-litoral.jpg 900w, http:\/\/soslitoral.com.br\/site\/wp-content\/uploads\/2020\/08\/thumb-caminhao-pipa-litoral-300x153.jpg 300w, http:\/\/soslitoral.com.br\/site\/wp-content\/uploads\/2020\/08\/thumb-caminhao-pipa-litoral-768x393.jpg 768w\" sizes=\"(max-width: 900px) 100vw, 900px\" \/><\/a><\/li>\n                <li style=\"display: none; width: 100%;\" class=\"slide-95 ms-image\"><a href=\"http:\/\/soslitoral.com.br\/site\/produtos-e-servicos\/dedetizacao\/\" target=\"_self\"><img width=\"900\" height=\"460\" src=\"http:\/\/soslitoral.com.br\/site\/wp-content\/uploads\/2020\/08\/thumb-dedetizacao-litoral.jpg\" class=\"slider-89 slide-95\" alt=\"\" loading=\"lazy\" rel=\"\" title=\"Dedetiza\u00e7\u00e3o\" srcset=\"http:\/\/soslitoral.com.br\/site\/wp-content\/uploads\/2020\/08\/thumb-dedetizacao-litoral.jpg 900w, http:\/\/soslitoral.com.br\/site\/wp-content\/uploads\/2020\/08\/thumb-dedetizacao-litoral-300x153.jpg 300w, http:\/\/soslitoral.com.br\/site\/wp-content\/uploads\/2020\/08\/thumb-dedetizacao-litoral-768x393.jpg 768w\" sizes=\"(max-width: 900px) 100vw, 900px\" \/><\/a><\/li>\n                <li style=\"display: none; width: 100%;\" class=\"slide-96 ms-image\"><a href=\"http:\/\/soslitoral.com.br\/site\/produtos-e-servicos\/desentupimento\/\" target=\"_self\"><img width=\"900\" height=\"460\" src=\"http:\/\/soslitoral.com.br\/site\/wp-content\/uploads\/2020\/08\/thumb-desemtupimento-litoral.jpg\" class=\"slider-89 slide-96\" alt=\"\" loading=\"lazy\" rel=\"\" title=\"Desentupimento\" srcset=\"http:\/\/soslitoral.com.br\/site\/wp-content\/uploads\/2020\/08\/thumb-desemtupimento-litoral.jpg 900w, http:\/\/soslitoral.com.br\/site\/wp-content\/uploads\/2020\/08\/thumb-desemtupimento-litoral-300x153.jpg 300w, http:\/\/soslitoral.com.br\/site\/wp-content\/uploads\/2020\/08\/thumb-desemtupimento-litoral-768x393.jpg 768w\" sizes=\"(max-width: 900px) 100vw, 900px\" \/><\/a><\/li>\n                <li style=\"display: none; width: 100%;\" class=\"slide-97 ms-image\"><a href=\"http:\/\/soslitoral.com.br\/site\/produtos-e-servicos\/limpeza-de-caixas-dagua\/\" target=\"_self\"><img width=\"900\" height=\"460\" src=\"http:\/\/soslitoral.com.br\/site\/wp-content\/uploads\/2020\/08\/thumb-limpeza-caixa-dagua-limpadora-litoral.jpg\" class=\"slider-89 slide-97\" alt=\"\" loading=\"lazy\" rel=\"\" title=\"Limpeza de Caixas D\u2019\u00e1gua\" srcset=\"http:\/\/soslitoral.com.br\/site\/wp-content\/uploads\/2020\/08\/thumb-limpeza-caixa-dagua-limpadora-litoral.jpg 900w, http:\/\/soslitoral.com.br\/site\/wp-content\/uploads\/2020\/08\/thumb-limpeza-caixa-dagua-limpadora-litoral-300x153.jpg 300w, http:\/\/soslitoral.com.br\/site\/wp-content\/uploads\/2020\/08\/thumb-limpeza-caixa-dagua-limpadora-litoral-768x393.jpg 768w\" sizes=\"(max-width: 900px) 100vw, 900px\" \/><\/a><\/li>\n            <\/ul><ol class='flex-control-nav titleNav-89'><li><a href='#'>Banheiros Qu\u00edmicos<\/a><\/li><li><a href='#'>Hidrojateamento<\/a><\/li><li><a href='#'>Caminh\u00f5es Auto V\u00e1cuo<\/a><\/li><li><a href='#'>Caminh\u00e3o Pipa<\/a><\/li><li><a href='#'>Dedetiza\u00e7\u00e3o<\/a><\/li><li><a href='#'>Desentupimento<\/a><\/li><li><a href='#'>Limpeza de Caixas D\u2019\u00e1gua<\/a><\/li><\/ol>\n        <\/div>\n        \n    <\/div>\n<\/div>\n\n\n\n<a href=\"http:\/\/soslitoral.com.br\/site\" class=\"button minimal\">Retornar \u00e0 p\u00e1gina inicial<\/a>\n\n<br clear=\"all\"\/>\n<br\/>\n","protected":false},"excerpt":{"rendered":"<p>Nossa prioridade \u00e9 sempre oferecer uma presta\u00e7\u00e3o de servi\u00e7o eficiente que possa superar as expectativas de nossos clientes, durante e ap\u00f3s a realiza\u00e7\u00e3o do nosso trabalho. N\u00f3s buscamos sempre a melhoria cont\u00ednua de todas as nossas atividades e em cada processo, o que tamb\u00e9m inclui a preocupa\u00e7\u00e3o da constante capacita\u00e7\u00e3o dos nossos funcion\u00e1rios, tanto quanto &hellip; <a href=\"http:\/\/soslitoral.com.br\/site\/produtos-e-servicos\/\" class=\"more-link\">Continue lendo <span class=\"screen-reader-text\">Produtos e Servi\u00e7os<\/span><\/a><\/p>\n","protected":false},"author":1,"featured_media":0,"parent":0,"menu_order":0,"comment_status":"closed","ping_status":"closed","template":"full-width-page.php","meta":[],"_links":{"self":[{"href":"http:\/\/soslitoral.com.br\/site\/wp-json\/wp\/v2\/pages\/169"}],"collection":[{"href":"http:\/\/soslitoral.com.br\/site\/wp-json\/wp\/v2\/pages"}],"about":[{"href":"http:\/\/soslitoral.com.br\/site\/wp-json\/wp\/v2\/types\/page"}],"author":[{"embeddable":true,"href":"http:\/\/soslitoral.com.br\/site\/wp-json\/wp\/v2\/users\/1"}],"replies":[{"embeddable":true,"href":"http:\/\/soslitoral.com.br\/site\/wp-json\/wp\/v2\/comments?post=169"}],"version-history":[{"count":4,"href":"http:\/\/soslitoral.com.br\/site\/wp-json\/wp\/v2\/pages\/169\/revisions"}],"predecessor-version":[{"id":205,"href":"http:\/\/soslitoral.com.br\/site\/wp-json\/wp\/v2\/pages\/169\/revisions\/205"}],"wp:attachment":[{"href":"http:\/\/soslitoral.com.br\/site\/wp-json\/wp\/v2\/media?parent=169"}],"curies":[{"name":"wp","href":"https:\/\/api.w.org\/{rel}","templated":true}]}}