{"id":166,"date":"2020-08-16T18:43:51","date_gmt":"2020-08-16T21:43:51","guid":{"rendered":"http:\/\/soslitoral.com.br\/site\/?page_id=166"},"modified":"2020-08-24T19:09:01","modified_gmt":"2020-08-24T22:09:01","slug":"dedetizacao","status":"publish","type":"page","link":"http:\/\/soslitoral.com.br\/site\/produtos-e-servicos\/dedetizacao\/","title":{"rendered":"Dedetiza\u00e7\u00e3o"},"content":{"rendered":"\n<p><strong>Tipos de Praga que exterminamos:<\/strong><\/p>\n\n\n\n<ul><li>RATOS<\/li><li>BARATAS<\/li><li>CUPINS<\/li><li>INSETOS<\/li><\/ul>\n\n\n\n<p><strong>Desinsetiza\u00e7\u00e3o &#8211; realiza\u00e7\u00e3o do servi\u00e7o com o cliente no local.<\/strong><\/p>\n\n\n\n<p>Este servi\u00e7o tem como alvo principal os insetos rasteiros que com o crescimento populacional&nbsp; passaram a habitar todos os tipos de locais, incomodando resid\u00eancias e ambientes comerciais, tornando-os locais prop\u00edcios para dissemina\u00e7\u00e3o de doen\u00e7as, desde simples alergias a problemas respirat\u00f3rios s\u00e9rios.<br><br>Este tipo de combate \u00e9 altamente eficaz, possibilitando o retorno da tranq\u00fcilidade e a um dia-a-dia mais saud\u00e1vel, longe de insetos e suas doen\u00e7as.<\/p>\n\n\n\n<p><strong>Desratiza\u00e7\u00e3o &#8211; M\u00e9todo: Coloca\u00e7\u00e3o de iscas.<\/strong><br><br>Servi\u00e7o de combate a roedores. Assim como os insetos, os roedores trazem da rua e dos locais onde se alimentam sujeira e doen\u00e7as que contaminam tanto f\u00edsica como mentalmente o seu dia-a-dia trazendo preju\u00edzos materiais&nbsp; de forma que eles roem todo tipo de material, destruindo mesas, cadeiras, sof\u00e1s e arm\u00e1rios, prejudicam o plantio e estocagem de alimentos,&nbsp; al\u00e9m de escavarem jardins e quintais para constru\u00e7\u00e3o de suas tocas.<\/p>\n\n\n\n<p>As doen\u00e7as mais conhecidas que os roedores podem nos transmitir s\u00e3o a leptospirose, peste bub\u00f4nica, tifo, salmoneloses e o Hantav\u00edrus, em sua maioria doen\u00e7as com desenvolvimento cl\u00ednico bastante complicado; algumas das complica\u00e7\u00f5es dos Hantav\u00edrus, por exemplo, s\u00e3o a&nbsp; Febre Hemorr\u00e1gica, S\u00edndrome Renal (fal\u00eancia dos rins) e S\u00edndrome Pulmonar, e para se contaminar basta a inala\u00e7\u00e3o de aeross\u00f3is (gases) contaminados de excretas (urina, fezes e saliva) dos roedores.<\/p>\n\n\n\n<a href=\"http:\/\/soslitoral.com.br\/site\/produtos-e-servicos\/\" class=\"button minimal\">Retornar \u00e0 p\u00e1gina anterior<\/a>\n","protected":false},"excerpt":{"rendered":"<p>Tipos de Praga que exterminamos: RATOS BARATAS CUPINS INSETOS Desinsetiza\u00e7\u00e3o &#8211; realiza\u00e7\u00e3o do servi\u00e7o com o cliente no local. Este servi\u00e7o tem como alvo principal os insetos rasteiros que com o crescimento populacional&nbsp; passaram a habitar todos os tipos de locais, incomodando resid\u00eancias e ambientes comerciais, tornando-os locais prop\u00edcios para dissemina\u00e7\u00e3o de doen\u00e7as, desde simples &hellip; <a href=\"http:\/\/soslitoral.com.br\/site\/produtos-e-servicos\/dedetizacao\/\" class=\"more-link\">Continue lendo <span class=\"screen-reader-text\">Dedetiza\u00e7\u00e3o<\/span><\/a><\/p>\n","protected":false},"author":1,"featured_media":233,"parent":169,"menu_order":0,"comment_status":"closed","ping_status":"closed","template":"full-width-page.php","meta":[],"_links":{"self":[{"href":"http:\/\/soslitoral.com.br\/site\/wp-json\/wp\/v2\/pages\/166"}],"collection":[{"href":"http:\/\/soslitoral.com.br\/site\/wp-json\/wp\/v2\/pages"}],"about":[{"href":"http:\/\/soslitoral.com.br\/site\/wp-json\/wp\/v2\/types\/page"}],"author":[{"embeddable":true,"href":"http:\/\/soslitoral.com.br\/site\/wp-json\/wp\/v2\/users\/1"}],"replies":[{"embeddable":true,"href":"http:\/\/soslitoral.com.br\/site\/wp-json\/wp\/v2\/comments?post=166"}],"version-history":[{"count":3,"href":"http:\/\/soslitoral.com.br\/site\/wp-json\/wp\/v2\/pages\/166\/revisions"}],"predecessor-version":[{"id":234,"href":"http:\/\/soslitoral.com.br\/site\/wp-json\/wp\/v2\/pages\/166\/revisions\/234"}],"up":[{"embeddable":true,"href":"http:\/\/soslitoral.com.br\/site\/wp-json\/wp\/v2\/pages\/169"}],"wp:featuredmedia":[{"embeddable":true,"href":"http:\/\/soslitoral.com.br\/site\/wp-json\/wp\/v2\/media\/233"}],"wp:attachment":[{"href":"http:\/\/soslitoral.com.br\/site\/wp-json\/wp\/v2\/media?parent=166"}],"curies":[{"name":"wp","href":"https:\/\/api.w.org\/{rel}","templated":true}]}}