{"id":162,"date":"2020-08-16T18:39:16","date_gmt":"2020-08-16T21:39:16","guid":{"rendered":"http:\/\/soslitoral.com.br\/site\/?page_id=162"},"modified":"2020-08-24T18:52:26","modified_gmt":"2020-08-24T21:52:26","slug":"hidrojateamento","status":"publish","type":"page","link":"http:\/\/soslitoral.com.br\/site\/produtos-e-servicos\/hidrojateamento\/","title":{"rendered":"Hidrojateamento"},"content":{"rendered":"\n<p><strong><em>Unidade M\u00f3vel de Alta-Press\u00e3o<\/em>&nbsp;\u2013&nbsp;<\/strong>Consiste em um conjunto de bomba de alta-press\u00e3o, motor estacion\u00e1rio, tanque reservat\u00f3rio de \u00e1gua pot\u00e1vel, montado sobre plataforma com \u201clayout\u201d desenvolvido para proporcionar uma opera\u00e7\u00e3o pr\u00e1tica e segura no hidrojateamento.<\/p>\n\n\n\n<p>Realizamos limpeza de pisos e fachadas.<\/p>\n\n\n\n<p>A utiliza\u00e7\u00e3o tecnol\u00f3gica do sistema de hidrojateamento possibilita as mais diversas aplica\u00e7\u00f5es na limpeza de:<br><br>\u2022&nbsp;<strong>IND\u00daSTRIAS DE CELULOSE E PAPEL:<\/strong>&nbsp;Limpeza de evaporadores, caldeiras, digestores, tubula\u00e7\u00f5es e tanques decantadores.<br><br>\u2022&nbsp;<strong>IND\u00daSTRIAS METAL\u00daRGICAS:<\/strong>&nbsp;Limpeza de trocadores de calor, espinas, filtros eletrost\u00e1ticos, desgaseificadores, pontes rolantes, sistema de linha suspensa de produtos, autoclaves, etc.<br><br>\u2022&nbsp;<strong>IND\u00daSTRIAS QU\u00cdMICAS E T\u00c9XTEIS:<\/strong>&nbsp;Limpeza de torres de resfriamento, equalizadores, tanques de tratamento de efluentes, esta\u00e7\u00f5es de tratamento de esgotos, galerias de \u00e1guas pluviais e esgotos industriais.<br><br>\u2022&nbsp;<strong>IND\u00daSTRIAS DE MINERA\u00c7\u00c3O E VIDRARIAS:<\/strong>&nbsp;Limpeza de decantadores, tubula\u00e7\u00f5es de escoamento de produtos, rede sanit\u00e1ria industrial e tanques de tratamento de \u00e1gua (ETA).<br><br>\u2022&nbsp;<strong>IND\u00daSTRIAS PETROQU\u00cdMICAS:<\/strong>&nbsp;Limpeza de condensadores, reatores, resfriadores, torres de \u00e1gua gelada, colunas de destila\u00e7\u00e3o, bandejas de espumas e dutos de sa\u00edda.<br><br>\u2022&nbsp;<strong>SIDER\u00daRGICAS:<\/strong>&nbsp;Limpeza de trocadores, autoclaves, moldes de lingote, sistema de refrigera\u00e7\u00e3o de alto forno, limpeza geral de apoio \u00e0 manuten\u00e7\u00e3o, canais, galerias, tubula\u00e7\u00f5es, sistema de despoeiramento de aciarias, maquinas.<br><br>\u2022&nbsp;<strong>CIMENTO:<\/strong>&nbsp;Limpeza e corte, remo\u00e7\u00e3o dos an\u00e9is dos fornos girat\u00f3rios e remo\u00e7\u00e3o de colagens dos pr\u00e9-aquecedores.<br><br>\u2022&nbsp;<strong>IND\u00daSTRIA NAVAL:<\/strong>&nbsp;Limpeza e remo\u00e7\u00e3o de incrusta\u00e7\u00e3o em cascos de navios, elos de correntes, ancoras.<br><br>\u2022&nbsp;<strong>SERVI\u00c7OS P\u00daBLICOS:<\/strong>&nbsp;Limpeza e desobstru\u00e7\u00e3o de adutoras, galerias, bocas de lobo, emiss\u00e1rios de esgotos.<br><br>\u2022&nbsp;<strong>ATENDEMOS OUTROS SEGUIMENTOS IND\u00daSTRIAIS:<\/strong>&nbsp;Aliment\u00edcia, tintas, usinas de a\u00e7\u00facar e \u00e1lcool.<br><br>\u2022&nbsp;<strong>OUTRAS:<\/strong>&nbsp;Construtoras, condom\u00ednios e contratos com prefeituras para servi\u00e7os emergenciais de desentupimento de rede de esgotos de vias p\u00fablicas e limpeza de fossa.<\/p>\n\n\n\n<a href=\"http:\/\/soslitoral.com.br\/site\/produtos-e-servicos\/\" class=\"button minimal\">Retornar \u00e0 p\u00e1gina anterior<\/a>\n","protected":false},"excerpt":{"rendered":"<p>Unidade M\u00f3vel de Alta-Press\u00e3o&nbsp;\u2013&nbsp;Consiste em um conjunto de bomba de alta-press\u00e3o, motor estacion\u00e1rio, tanque reservat\u00f3rio de \u00e1gua pot\u00e1vel, montado sobre plataforma com \u201clayout\u201d desenvolvido para proporcionar uma opera\u00e7\u00e3o pr\u00e1tica e segura no hidrojateamento. Realizamos limpeza de pisos e fachadas. A utiliza\u00e7\u00e3o tecnol\u00f3gica do sistema de hidrojateamento possibilita as mais diversas aplica\u00e7\u00f5es na limpeza de: \u2022&nbsp;IND\u00daSTRIAS &hellip; <a href=\"http:\/\/soslitoral.com.br\/site\/produtos-e-servicos\/hidrojateamento\/\" class=\"more-link\">Continue lendo <span class=\"screen-reader-text\">Hidrojateamento<\/span><\/a><\/p>\n","protected":false},"author":1,"featured_media":222,"parent":169,"menu_order":0,"comment_status":"closed","ping_status":"closed","template":"full-width-page.php","meta":[],"_links":{"self":[{"href":"http:\/\/soslitoral.com.br\/site\/wp-json\/wp\/v2\/pages\/162"}],"collection":[{"href":"http:\/\/soslitoral.com.br\/site\/wp-json\/wp\/v2\/pages"}],"about":[{"href":"http:\/\/soslitoral.com.br\/site\/wp-json\/wp\/v2\/types\/page"}],"author":[{"embeddable":true,"href":"http:\/\/soslitoral.com.br\/site\/wp-json\/wp\/v2\/users\/1"}],"replies":[{"embeddable":true,"href":"http:\/\/soslitoral.com.br\/site\/wp-json\/wp\/v2\/comments?post=162"}],"version-history":[{"count":3,"href":"http:\/\/soslitoral.com.br\/site\/wp-json\/wp\/v2\/pages\/162\/revisions"}],"predecessor-version":[{"id":178,"href":"http:\/\/soslitoral.com.br\/site\/wp-json\/wp\/v2\/pages\/162\/revisions\/178"}],"up":[{"embeddable":true,"href":"http:\/\/soslitoral.com.br\/site\/wp-json\/wp\/v2\/pages\/169"}],"wp:featuredmedia":[{"embeddable":true,"href":"http:\/\/soslitoral.com.br\/site\/wp-json\/wp\/v2\/media\/222"}],"wp:attachment":[{"href":"http:\/\/soslitoral.com.br\/site\/wp-json\/wp\/v2\/media?parent=162"}],"curies":[{"name":"wp","href":"https:\/\/api.w.org\/{rel}","templated":true}]}}