{"id":114,"date":"2020-08-16T15:07:16","date_gmt":"2020-08-16T18:07:16","guid":{"rendered":"http:\/\/soslitoral.com.br\/site\/?page_id=114"},"modified":"2020-08-16T15:13:10","modified_gmt":"2020-08-16T18:13:10","slug":"suporte-legal","status":"publish","type":"page","link":"http:\/\/soslitoral.com.br\/site\/home\/quem-somos\/suporte-legal\/","title":{"rendered":"Suporte Legal"},"content":{"rendered":"\n<p><strong>Suporte Legal da Dedetizadora Litoral<br><br><\/strong><strong>SIVISA &#8211; Sistema de Informa\u00e7\u00e3o em Vigil\u00e2ncia Sanit\u00e1ria &#8211; Secretaria de Estado da Sa\u00fade Licen\u00e7a e funcionamento CEVS N.\u00ba 354850020-812-000052-1-5<\/strong><\/p>\n\n\n\n<p>Conselho Regional de Qu\u00edmica &#8211; 4.\u00ba Regi\u00e3o Registro N.\u00ba 18672-F.<\/p>\n\n\n\n<p>Qu\u00edmico Respons\u00e1vel pelas atividades da \u00e1rea qu\u00edmica: Carlos Alberto Oliveira Queija, CRQ N.\u00ba 04426960. <\/p>\n\n\n\n<a href=\"http:\/\/soslitoral.com.br\/site\" class=\"button minimal\">Retornar \u00e0 p\u00e1gina inicial<\/a>\n","protected":false},"excerpt":{"rendered":"<p>Suporte Legal da Dedetizadora Litoral SIVISA &#8211; Sistema de Informa\u00e7\u00e3o em Vigil\u00e2ncia Sanit\u00e1ria &#8211; Secretaria de Estado da Sa\u00fade Licen\u00e7a e funcionamento CEVS N.\u00ba 354850020-812-000052-1-5 Conselho Regional de Qu\u00edmica &#8211; 4.\u00ba Regi\u00e3o Registro N.\u00ba 18672-F. Qu\u00edmico Respons\u00e1vel pelas atividades da \u00e1rea qu\u00edmica: Carlos Alberto Oliveira Queija, CRQ N.\u00ba 04426960. Retornar \u00e0 p\u00e1gina inicial<\/p>\n","protected":false},"author":1,"featured_media":119,"parent":12,"menu_order":0,"comment_status":"closed","ping_status":"closed","template":"panel-page.php","meta":[],"_links":{"self":[{"href":"http:\/\/soslitoral.com.br\/site\/wp-json\/wp\/v2\/pages\/114"}],"collection":[{"href":"http:\/\/soslitoral.com.br\/site\/wp-json\/wp\/v2\/pages"}],"about":[{"href":"http:\/\/soslitoral.com.br\/site\/wp-json\/wp\/v2\/types\/page"}],"author":[{"embeddable":true,"href":"http:\/\/soslitoral.com.br\/site\/wp-json\/wp\/v2\/users\/1"}],"replies":[{"embeddable":true,"href":"http:\/\/soslitoral.com.br\/site\/wp-json\/wp\/v2\/comments?post=114"}],"version-history":[{"count":3,"href":"http:\/\/soslitoral.com.br\/site\/wp-json\/wp\/v2\/pages\/114\/revisions"}],"predecessor-version":[{"id":121,"href":"http:\/\/soslitoral.com.br\/site\/wp-json\/wp\/v2\/pages\/114\/revisions\/121"}],"up":[{"embeddable":true,"href":"http:\/\/soslitoral.com.br\/site\/wp-json\/wp\/v2\/pages\/12"}],"wp:featuredmedia":[{"embeddable":true,"href":"http:\/\/soslitoral.com.br\/site\/wp-json\/wp\/v2\/media\/119"}],"wp:attachment":[{"href":"http:\/\/soslitoral.com.br\/site\/wp-json\/wp\/v2\/media?parent=114"}],"curies":[{"name":"wp","href":"https:\/\/api.w.org\/{rel}","templated":true}]}}